{"id":1218,"date":"2016-09-13T20:11:29","date_gmt":"2016-09-13T18:11:29","guid":{"rendered":"http:\/\/www.volmetal-handball.de\/?page_id=1218"},"modified":"2024-09-06T06:34:32","modified_gmt":"2024-09-06T04:34:32","slug":"tickets","status":"publish","type":"page","link":"https:\/\/www.volmetal-handball.de\/?page_id=1218","title":{"rendered":"Tickets"},"content":{"rendered":"\n<p class=\"has-vivid-red-color has-text-color\"><strong>Bei Busanreise f\u00fcr die ausw\u00e4rtigen Mannschaften \/ Fans ist zu beachten: <\/strong><br><strong>Die Sporthalle Hagen-Volmetal befindet sich ca. 600 Meter hinter einer Bahnunterf\u00fchrung mit einer maximalen Durchfahrtsh\u00f6he von 3,80 Meter.<\/strong><\/p>\n\n\n<h2 style=\"text-align: left;\"><span style=\"color: #008000;\"><b><u>Die Eintrittspreise f\u00fcr die Saison 2024 \/ 2025<br><\/u><\/b><\/span><\/h2>\n<p><strong>Einzelkarte&nbsp;&nbsp;&nbsp;&nbsp;&nbsp;&nbsp;&nbsp;&nbsp;&nbsp;&nbsp; Erwachsene&nbsp;&nbsp;&nbsp;&nbsp;&nbsp;&nbsp;&nbsp;&nbsp;&nbsp; erm\u00e4\u00dfigt*&nbsp;&nbsp;&nbsp;&nbsp;&nbsp;&nbsp;&nbsp;&nbsp; Kinder 10-14 J.<\/strong><\/p>\n<p><strong>Oberliga &nbsp;&nbsp;&nbsp;&nbsp;&nbsp;&nbsp;&nbsp;&nbsp;&nbsp;&nbsp;&nbsp;<\/strong> &nbsp;&nbsp;&nbsp;&nbsp;&nbsp;&nbsp;&nbsp; 7,00 \u20ac&nbsp;&nbsp;&nbsp;&nbsp;&nbsp;&nbsp;&nbsp;&nbsp;&nbsp;&nbsp;&nbsp;&nbsp;&nbsp;&nbsp;&nbsp;&nbsp; 6,00 \u20ac&nbsp;&nbsp;&nbsp;&nbsp;&nbsp;&nbsp;&nbsp;&nbsp;&nbsp;&nbsp;&nbsp;&nbsp;&nbsp;&nbsp;&nbsp;&nbsp; 1,00 \u20ac<\/p>\n<p><strong>Verbandsliga&nbsp;&nbsp;&nbsp;&nbsp;&nbsp;&nbsp;&nbsp; &nbsp;&nbsp;&nbsp;&nbsp;&nbsp;<\/strong> 5,00 \u20ac&nbsp;&nbsp;&nbsp;&nbsp;&nbsp;&nbsp;&nbsp;&nbsp;&nbsp;&nbsp;&nbsp;&nbsp;&nbsp;&nbsp;&nbsp;&nbsp; 4,00 \u20ac&nbsp;&nbsp;&nbsp;&nbsp;&nbsp;&nbsp;&nbsp;&nbsp;&nbsp;&nbsp;&nbsp;&nbsp;&nbsp;&nbsp;&nbsp;&nbsp; 1,00 \u20ac<\/p>\n<p><strong>Bezirksliga&nbsp;&nbsp;&nbsp;&nbsp;&nbsp;&nbsp;&nbsp;&nbsp;&nbsp;&nbsp;&nbsp; &nbsp;&nbsp;&nbsp;&nbsp;&nbsp;<\/strong> 4,00 \u20ac&nbsp;&nbsp;&nbsp;&nbsp;&nbsp;&nbsp;&nbsp;&nbsp;&nbsp;&nbsp;&nbsp;&nbsp;&nbsp;&nbsp;&nbsp;&nbsp; 3,00 \u20ac&nbsp;&nbsp;&nbsp;&nbsp;&nbsp;&nbsp;&nbsp;&nbsp;&nbsp;&nbsp;&nbsp;&nbsp;&nbsp;&nbsp;&nbsp;&nbsp; 1,00 \u20ac<\/p>\n<p><strong>Kreisliga&nbsp;&nbsp;&nbsp;&nbsp;&nbsp;&nbsp;&nbsp;&nbsp;&nbsp;&nbsp;&nbsp;&nbsp;&nbsp;&nbsp;&nbsp;&nbsp;&nbsp;&nbsp;&nbsp;&nbsp;<\/strong> 2,00 \u20ac&nbsp;&nbsp;&nbsp;&nbsp;&nbsp;&nbsp;&nbsp;&nbsp;&nbsp;&nbsp;&nbsp;&nbsp;&nbsp;&nbsp;&nbsp;&nbsp; 1,00 \u20ac&nbsp;&nbsp;&nbsp;&nbsp;&nbsp;&nbsp;&nbsp;&nbsp;&nbsp;&nbsp;&nbsp;&nbsp;&nbsp;&nbsp;&nbsp;&nbsp; 1,00 \u20ac<\/p>\n<p>&nbsp;&nbsp;&nbsp;&nbsp;&nbsp;&nbsp;&nbsp;&nbsp;&nbsp;&nbsp;&nbsp;&nbsp;&nbsp;&nbsp;&nbsp;&nbsp;&nbsp;&nbsp;&nbsp;&nbsp;&nbsp;&nbsp;&nbsp;&nbsp;&nbsp;&nbsp;&nbsp; Erwachsene&nbsp;&nbsp;&nbsp;&nbsp;&nbsp;&nbsp;&nbsp;&nbsp;&nbsp; Erm\u00e4\u00dfigt*&nbsp;&nbsp;&nbsp;&nbsp;&nbsp;&nbsp;&nbsp; Kinder 10-14 J.<\/p>\n<p>Tageskarte&nbsp;&nbsp;&nbsp;&nbsp;&nbsp;&nbsp;&nbsp;&nbsp;&nbsp;&nbsp;&nbsp;&nbsp;&nbsp;&nbsp; 10,00 \u20ac&nbsp;&nbsp;&nbsp;&nbsp;&nbsp;&nbsp;&nbsp;&nbsp;&nbsp;&nbsp;&nbsp;&nbsp;&nbsp; &nbsp;&nbsp; 8,00 \u20ac&nbsp;&nbsp;&nbsp;&nbsp;&nbsp;&nbsp;&nbsp;&nbsp;&nbsp;&nbsp;&nbsp;&nbsp;&nbsp;&nbsp;&nbsp;&nbsp; 3,00 \u20ac<\/p>\n<p>* Jugendliche (15 &#8211; 17 Jahre), Studenten,<\/p>\n<p>Rentner und Schwerbehinderte, (nur gegen Vorlage des Ausweises)<br>Kinder unter 10 Jahren haben freien Eintritt<\/p>\n<p style=\"text-align: left;\"><strong>Dauerkarte&nbsp;&nbsp;&nbsp;&nbsp;&nbsp;&nbsp;&nbsp;&nbsp;&nbsp;&nbsp;&nbsp;&nbsp;&nbsp;&nbsp; 90,00 \u20ac<br><img fetchpriority=\"high\" decoding=\"async\" class=\"alignnone wp-image-24649 size-medium\" src=\"https:\/\/www.volmetal-handball.de\/wp-content\/uploads\/2024\/09\/Dauerkarte-2024_2025-300x300.jpg\" alt=\"\" width=\"300\" height=\"300\" srcset=\"https:\/\/www.volmetal-handball.de\/wp-content\/uploads\/2024\/09\/Dauerkarte-2024_2025-300x300.jpg 300w, https:\/\/www.volmetal-handball.de\/wp-content\/uploads\/2024\/09\/Dauerkarte-2024_2025-150x150.jpg 150w, https:\/\/www.volmetal-handball.de\/wp-content\/uploads\/2024\/09\/Dauerkarte-2024_2025-768x768.jpg 768w, https:\/\/www.volmetal-handball.de\/wp-content\/uploads\/2024\/09\/Dauerkarte-2024_2025-500x500.jpg 500w, https:\/\/www.volmetal-handball.de\/wp-content\/uploads\/2024\/09\/Dauerkarte-2024_2025.jpg 1024w\" sizes=\"(max-width: 300px) 100vw, 300px\" \/><br><\/strong><\/p>\n<p><strong>Ihr wollt Tickets im Vorfeld f\u00fcr die Heimspiele bestellen?&nbsp;Kein Problem!<br>Bitte beachtet, dass wir Euch mit dem Erwerb des Tickets keine Sitzplatzgarantie geben k\u00f6nnen. Richtet die Kartenw\u00fcnsche bis maximal 24 Stunden vor Spielbeginn an folgende E-Mail Adresse: <a href=\"mailto:tickets@volmetal-handball.de\">tickets@volmetal-handball.de<\/a><br><\/strong><\/p>\n<p>Die Karten werden auf Euren Namen an der Kasse hinterlegt und m\u00fcssen bis 30 Minuten(!) vor Spielbeginn dort abgeholt und bezahlt werden. Eine Reservierung ist tats\u00e4chlich nur dann erfolgt, wenn Ihr von uns eine R\u00fcckmeldung per E-Mail erhaltet.&nbsp;Dies geschieht in der Regel innerhalb von 24 Stunden.<br>Zu den Derbys empfehlen wir eine zeitnahe Reservierung und Anreise! Die Parkplatzsituation rund um das Sportzentrum in Dahl ist meistens sehr angespannt!<\/p>\n<p>&nbsp;<\/p>\n<p style=\"text-align: left;\"><strong><span style=\"color: #008000;\">Spezielle W\u00fcnsche wie VIP-Karten oder Sitzplatzreservierungen richtet Ihr bitte direkt an Sandra Sch\u00fcler von der \u201eLounge-Abteilung\u201c.<br><\/span><span style=\"text-decoration: underline;\"><a href=\"mailto:s.schueler@volmetal-handball.de\"><span style=\"color: #000000; text-decoration: underline;\">s.schueler@volmetal-handball.de<\/span><\/a><\/span><\/strong><\/p>\n<p style=\"text-align: left;\"><span style=\"color: #008000;\">&nbsp;<\/span><\/p>\n<p style=\"text-align: left;\"><span style=\"color: #008000;\"><strong>Wir sehen uns in der Handballh\u00f6lle-Volmetal!<\/strong><\/span><\/p>\n<p>&nbsp;<\/p>\n<p><img decoding=\"async\" class=\"alignnone size-large wp-image-16176\" src=\"https:\/\/www.volmetal-handball.de\/wp-content\/uploads\/2020\/10\/20160905_173413-1024x584.jpg\" alt=\"\" width=\"900\" height=\"513\" srcset=\"https:\/\/www.volmetal-handball.de\/wp-content\/uploads\/2020\/10\/20160905_173413-1024x584.jpg 1024w, https:\/\/www.volmetal-handball.de\/wp-content\/uploads\/2020\/10\/20160905_173413-300x171.jpg 300w, https:\/\/www.volmetal-handball.de\/wp-content\/uploads\/2020\/10\/20160905_173413-768x438.jpg 768w, https:\/\/www.volmetal-handball.de\/wp-content\/uploads\/2020\/10\/20160905_173413-1536x875.jpg 1536w, https:\/\/www.volmetal-handball.de\/wp-content\/uploads\/2020\/10\/20160905_173413-2048x1167.jpg 2048w, https:\/\/www.volmetal-handball.de\/wp-content\/uploads\/2020\/10\/20160905_173413-526x300.jpg 526w\" sizes=\"(max-width: 900px) 100vw, 900px\" \/><\/p>\n<p><em><span style=\"color: #339966;\"><strong>F\u00fcr das Navi:<\/strong><\/span><\/em><br><span style=\"color: #339966;\"><strong>Am Volmewehr, 58091 Hagen-Dahl<\/strong><\/span><\/p>","protected":false},"excerpt":{"rendered":"<p>Bei Busanreise f\u00fcr die ausw\u00e4rtigen Mannschaften \/ Fans ist zu beachten: Die Sporthalle Hagen-Volmetal befindet sich ca. 600 Meter hinter einer Bahnunterf\u00fchrung mit einer maximalen Durchfahrtsh\u00f6he von 3,80 Meter. Die Eintrittspreise f\u00fcr die Saison 2024 \/ 2025 Einzelkarte&nbsp;&nbsp;&nbsp;&nbsp;&nbsp;&nbsp;&nbsp;&nbsp;&nbsp;&nbsp; Erwachsene&nbsp;&nbsp;&nbsp;&nbsp;&nbsp;&nbsp;&nbsp;&nbsp;&nbsp; erm\u00e4\u00dfigt*&nbsp;&nbsp;&nbsp;&nbsp;&nbsp;&nbsp;&nbsp;&nbsp; Kinder 10-14 J. Oberliga &nbsp;&nbsp;&nbsp;&nbsp;&nbsp;&nbsp;&nbsp;&nbsp;&nbsp;&nbsp;&nbsp; &nbsp;&nbsp;&nbsp;&nbsp;&nbsp;&nbsp;&nbsp; 7,00 \u20ac&nbsp;&nbsp;&nbsp;&nbsp;&nbsp;&nbsp;&nbsp;&nbsp;&nbsp;&nbsp;&nbsp;&nbsp;&nbsp;&nbsp;&nbsp;&nbsp; 6,00 \u20ac&nbsp;&nbsp;&nbsp;&nbsp;&nbsp;&nbsp;&nbsp;&nbsp;&nbsp;&nbsp;&nbsp;&nbsp;&nbsp;&nbsp;&nbsp;&nbsp; 1,00 \u20ac Verbandsliga&nbsp;&nbsp;&nbsp;&nbsp;&nbsp;&nbsp;&nbsp; &nbsp;&nbsp;&nbsp;&nbsp;&nbsp; 5,00&hellip; <a class=\"more-link\" href=\"https:\/\/www.volmetal-handball.de\/?page_id=1218\">Weiterlesen <span class=\"screen-reader-text\">Tickets<\/span><\/a><\/p>\n","protected":false},"author":1,"featured_media":0,"parent":0,"menu_order":0,"comment_status":"closed","ping_status":"closed","template":"","meta":{"ngg_post_thumbnail":0,"footnotes":""},"class_list":["post-1218","page","type-page","status-publish","hentry"],"jetpack_sharing_enabled":true,"_links":{"self":[{"href":"https:\/\/www.volmetal-handball.de\/index.php?rest_route=\/wp\/v2\/pages\/1218","targetHints":{"allow":["GET"]}}],"collection":[{"href":"https:\/\/www.volmetal-handball.de\/index.php?rest_route=\/wp\/v2\/pages"}],"about":[{"href":"https:\/\/www.volmetal-handball.de\/index.php?rest_route=\/wp\/v2\/types\/page"}],"author":[{"embeddable":true,"href":"https:\/\/www.volmetal-handball.de\/index.php?rest_route=\/wp\/v2\/users\/1"}],"replies":[{"embeddable":true,"href":"https:\/\/www.volmetal-handball.de\/index.php?rest_route=%2Fwp%2Fv2%2Fcomments&post=1218"}],"version-history":[{"count":9,"href":"https:\/\/www.volmetal-handball.de\/index.php?rest_route=\/wp\/v2\/pages\/1218\/revisions"}],"predecessor-version":[{"id":24650,"href":"https:\/\/www.volmetal-handball.de\/index.php?rest_route=\/wp\/v2\/pages\/1218\/revisions\/24650"}],"wp:attachment":[{"href":"https:\/\/www.volmetal-handball.de\/index.php?rest_route=%2Fwp%2Fv2%2Fmedia&parent=1218"}],"curies":[{"name":"wp","href":"https:\/\/api.w.org\/{rel}","templated":true}]}}