{"id":23043,"date":"2023-08-26T07:44:07","date_gmt":"2023-08-26T05:44:07","guid":{"rendered":"https:\/\/www.volmetal-handball.de\/?page_id=23043"},"modified":"2024-09-07T07:49:51","modified_gmt":"2024-09-07T05:49:51","slug":"damen-3","status":"publish","type":"page","link":"https:\/\/www.volmetal-handball.de\/?page_id=23043","title":{"rendered":"1. Damen"},"content":{"rendered":"\t\t<div data-elementor-type=\"wp-page\" data-elementor-id=\"23043\" class=\"elementor elementor-23043\">\n\t\t\t\t\t\t<section class=\"elementor-section elementor-top-section elementor-element elementor-element-11ae438 elementor-section-boxed elementor-section-height-default elementor-section-height-default\" data-id=\"11ae438\" data-element_type=\"section\">\n\t\t\t\t\t\t<div class=\"elementor-container elementor-column-gap-default\">\n\t\t\t\t\t<div class=\"elementor-column elementor-col-100 elementor-top-column elementor-element elementor-element-65c096c\" data-id=\"65c096c\" data-element_type=\"column\">\n\t\t\t<div class=\"elementor-widget-wrap elementor-element-populated\">\n\t\t\t\t\t\t<div class=\"elementor-element elementor-element-85ee459 elementor-widget elementor-widget-image\" data-id=\"85ee459\" data-element_type=\"widget\" data-widget_type=\"image.default\">\n\t\t\t\t<div class=\"elementor-widget-container\">\n\t\t\t\t\t\t\t\t\t\t\t\t\t\t\t<img fetchpriority=\"high\" decoding=\"async\" width=\"900\" height=\"600\" src=\"https:\/\/www.volmetal-handball.de\/wp-content\/uploads\/2023\/10\/1.-Damen-1024x683.jpg\" class=\"attachment-large size-large wp-image-23541\" alt=\"\" srcset=\"https:\/\/www.volmetal-handball.de\/wp-content\/uploads\/2023\/10\/1.-Damen-1024x683.jpg 1024w, https:\/\/www.volmetal-handball.de\/wp-content\/uploads\/2023\/10\/1.-Damen-300x200.jpg 300w, https:\/\/www.volmetal-handball.de\/wp-content\/uploads\/2023\/10\/1.-Damen-150x100.jpg 150w, https:\/\/www.volmetal-handball.de\/wp-content\/uploads\/2023\/10\/1.-Damen-768x512.jpg 768w, https:\/\/www.volmetal-handball.de\/wp-content\/uploads\/2023\/10\/1.-Damen-1536x1024.jpg 1536w, https:\/\/www.volmetal-handball.de\/wp-content\/uploads\/2023\/10\/1.-Damen-2048x1365.jpg 2048w, https:\/\/www.volmetal-handball.de\/wp-content\/uploads\/2023\/10\/1.-Damen-450x300.jpg 450w\" sizes=\"(max-width: 900px) 100vw, 900px\" \/>\t\t\t\t\t\t\t\t\t\t\t\t\t\t\t<\/div>\n\t\t\t\t<\/div>\n\t\t\t\t\t<\/div>\n\t\t<\/div>\n\t\t\t\t\t<\/div>\n\t\t<\/section>\n\t\t\t\t<section class=\"elementor-section elementor-top-section elementor-element elementor-element-e708d50 elementor-section-boxed elementor-section-height-default elementor-section-height-default\" data-id=\"e708d50\" data-element_type=\"section\">\n\t\t\t\t\t\t<div class=\"elementor-container elementor-column-gap-default\">\n\t\t\t\t\t<div class=\"elementor-column elementor-col-100 elementor-top-column elementor-element elementor-element-844aed5\" data-id=\"844aed5\" data-element_type=\"column\">\n\t\t\t<div class=\"elementor-widget-wrap elementor-element-populated\">\n\t\t\t\t\t\t<div class=\"elementor-element elementor-element-cc31361 elementor-widget elementor-widget-heading\" data-id=\"cc31361\" data-element_type=\"widget\" data-widget_type=\"heading.default\">\n\t\t\t\t<div class=\"elementor-widget-container\">\n\t\t\t\t\t<h2 class=\"elementor-heading-title elementor-size-medium\">Vielen Dank an unsere Team-Sponsoren die Geb\u00e4udereinigung Marino, die EWG Hagen Wohnungsgenossenschaft und Axel Escher f\u00fcr die Unterst\u00fctzung der Damenmannschaft.<\/h2>\t\t\t\t<\/div>\n\t\t\t\t<\/div>\n\t\t\t\t\t<\/div>\n\t\t<\/div>\n\t\t\t\t\t<\/div>\n\t\t<\/section>\n\t\t\t\t<section class=\"elementor-section elementor-top-section elementor-element elementor-element-ec5eec0 elementor-section-boxed elementor-section-height-default elementor-section-height-default\" data-id=\"ec5eec0\" data-element_type=\"section\">\n\t\t\t\t\t\t<div class=\"elementor-container elementor-column-gap-default\">\n\t\t\t\t\t<div class=\"elementor-column elementor-col-100 elementor-top-column elementor-element elementor-element-ebe8fd1\" data-id=\"ebe8fd1\" data-element_type=\"column\">\n\t\t\t<div class=\"elementor-widget-wrap elementor-element-populated\">\n\t\t\t\t\t\t<div class=\"elementor-element elementor-element-769ddb9 elementor-widget elementor-widget-text-editor\" data-id=\"769ddb9\" data-element_type=\"widget\" data-widget_type=\"text-editor.default\">\n\t\t\t\t<div class=\"elementor-widget-container\">\n\t\t\t\t\t\t\t\t\t<h5 style=\"text-align: center;\"><strong>Ansprechpartner f\u00fcr die Damenmannschaft:<br \/><\/strong><br \/>Olaf Dolleske (Damenwart): +492331881139<br \/>E-Mail: <a href=\"mailto:damen@volmetal-handball.de\">damen@volmetal-handball.de<\/a><\/h5><h5 style=\"text-align: center;\">.<\/h5>\t\t\t\t\t\t\t\t<\/div>\n\t\t\t\t<\/div>\n\t\t\t\t\t<\/div>\n\t\t<\/div>\n\t\t\t\t\t<\/div>\n\t\t<\/section>\n\t\t\t\t<section class=\"elementor-section elementor-top-section elementor-element elementor-element-821b5c8 elementor-section-boxed elementor-section-height-default elementor-section-height-default\" data-id=\"821b5c8\" data-element_type=\"section\">\n\t\t\t\t\t\t<div class=\"elementor-container elementor-column-gap-default\">\n\t\t\t\t\t<div class=\"elementor-column elementor-col-100 elementor-top-column elementor-element elementor-element-1ccf734\" data-id=\"1ccf734\" data-element_type=\"column\">\n\t\t\t<div class=\"elementor-widget-wrap elementor-element-populated\">\n\t\t\t\t\t\t<div class=\"elementor-element elementor-element-24233eb elementor-widget elementor-widget-text-editor\" data-id=\"24233eb\" data-element_type=\"widget\" data-widget_type=\"text-editor.default\">\n\t\t\t\t<div class=\"elementor-widget-container\">\n\t\t\t\t\t\t\t\t\t<p style=\"text-align: center;\"><strong><h2 id=\"tablepress-8-name\" class=\"tablepress-table-name tablepress-table-name-id-8\">1. Frauen<\/h2>\n\n<table id=\"tablepress-8\" class=\"tablepress tablepress-id-8\" aria-labelledby=\"tablepress-8-name\">\n<thead>\n<tr class=\"row-1\">\n\t<th class=\"column-1\">Tag<\/th><th class=\"column-2\">Uhrzeit<\/th><th class=\"column-3\">Heim<\/th><th class=\"column-4\">Gast<\/th><th class=\"column-5\">Ort<\/th><th class=\"column-6\">Ergebniss<\/th>\n<\/tr>\n<\/thead>\n<tbody class=\"row-striping row-hover\">\n<tr class=\"row-2\">\n\t<td class=\"column-1\">Sa,14.09.24<\/td><td class=\"column-2\">18:00 Uhr<\/td><td class=\"column-3\">TuS Volmetal II<div id='gallery-1' class='gallery galleryid-23043 gallery-columns-3 gallery-size-thumbnail'><figure class='gallery-item'>\n\t\t\t<div class='gallery-icon landscape'>\n\t\t\t\t<a href='https:\/\/www.volmetal-handball.de\/?attachment_id=24503'><img decoding=\"async\" width=\"92\" height=\"92\" src=\"https:\/\/www.volmetal-handball.de\/wp-content\/uploads\/2024\/08\/logo.png\" class=\"attachment-thumbnail size-thumbnail\" alt=\"\" \/><\/a>\n\t\t\t<\/div><\/figure>\n\t\t<\/div>\n<\/td><td class=\"column-4\">ASC Dortmund 2<\/td><td class=\"column-5\">SpH Volmetal, Am Volmewehr, 58091 Hagen<\/td><td class=\"column-6\">34 : 17<\/td>\n<\/tr>\n<tr class=\"row-3\">\n\t<td class=\"column-1\">So, 22.09.24<\/td><td class=\"column-2\">16:00 Uhr<\/td><td class=\"column-3\">TuS Ferndorf<br \/>\n<\/td><td class=\"column-4\">TuS Volmetal II<div id='gallery-2' class='gallery galleryid-23043 gallery-columns-3 gallery-size-thumbnail'><figure class='gallery-item'>\n\t\t\t<div class='gallery-icon landscape'>\n\t\t\t\t<a href='https:\/\/www.volmetal-handball.de\/?attachment_id=24503'><img decoding=\"async\" width=\"92\" height=\"92\" src=\"https:\/\/www.volmetal-handball.de\/wp-content\/uploads\/2024\/08\/logo.png\" class=\"attachment-thumbnail size-thumbnail\" alt=\"\" \/><\/a>\n\t\t\t<\/div><\/figure>\n\t\t<\/div>\n<\/td><td class=\"column-5\">Sporthalle Kreuztal, Am Park, 57223 Kreuztal,<\/td><td class=\"column-6\">22 : 33<\/td>\n<\/tr>\n<tr class=\"row-4\">\n\t<td class=\"column-1\">So, 29.09.24<\/td><td class=\"column-2\">14:00 Uhr<\/td><td class=\"column-3\">TuS Volmetal II<div id='gallery-3' class='gallery galleryid-23043 gallery-columns-3 gallery-size-thumbnail'><figure class='gallery-item'>\n\t\t\t<div class='gallery-icon landscape'>\n\t\t\t\t<a href='https:\/\/www.volmetal-handball.de\/?attachment_id=24503'><img decoding=\"async\" width=\"92\" height=\"92\" src=\"https:\/\/www.volmetal-handball.de\/wp-content\/uploads\/2024\/08\/logo.png\" class=\"attachment-thumbnail size-thumbnail\" alt=\"\" \/><\/a>\n\t\t\t<\/div><\/figure>\n\t\t<\/div>\n<\/td><td class=\"column-4\">TV Wattenscheid<\/td><td class=\"column-5\">SpH Volmetal, Am Volmewehr, 58091 Hagen<\/td><td class=\"column-6\">35 : 13<\/td>\n<\/tr>\n<tr class=\"row-5\">\n\t<td class=\"column-1\">Sa, 05.10.24<\/td><td class=\"column-2\">17:00 Uhr<\/td><td class=\"column-3\">HSG Hohenlimburg<\/td><td class=\"column-4\">TuS Volmetal II<div id='gallery-4' class='gallery galleryid-23043 gallery-columns-3 gallery-size-thumbnail'><figure class='gallery-item'>\n\t\t\t<div class='gallery-icon landscape'>\n\t\t\t\t<a href='https:\/\/www.volmetal-handball.de\/?attachment_id=24503'><img decoding=\"async\" width=\"92\" height=\"92\" src=\"https:\/\/www.volmetal-handball.de\/wp-content\/uploads\/2024\/08\/logo.png\" class=\"attachment-thumbnail size-thumbnail\" alt=\"\" \/><\/a>\n\t\t\t<\/div><\/figure>\n\t\t<\/div>\n<\/td><td class=\"column-5\">Rundturnhalle, K\u00f6nigsberger Stra\u00dfe 1, 58119 Hagen<\/td><td class=\"column-6\">18 : 34<\/td>\n<\/tr>\n<tr class=\"row-6\">\n\t<td class=\"column-1\">So, 10.11.24<\/td><td class=\"column-2\">14:00 Uhr<\/td><td class=\"column-3\">TuS Volmetal II<div id='gallery-5' class='gallery galleryid-23043 gallery-columns-3 gallery-size-thumbnail'><figure class='gallery-item'>\n\t\t\t<div class='gallery-icon landscape'>\n\t\t\t\t<a href='https:\/\/www.volmetal-handball.de\/?attachment_id=24503'><img decoding=\"async\" width=\"92\" height=\"92\" src=\"https:\/\/www.volmetal-handball.de\/wp-content\/uploads\/2024\/08\/logo.png\" class=\"attachment-thumbnail size-thumbnail\" alt=\"\" \/><\/a>\n\t\t\t<\/div><\/figure>\n\t\t<\/div>\n<\/td><td class=\"column-4\">TuS Drolshagen<\/td><td class=\"column-5\">SpH Volmetal, Am Volmewehr, 58091 Hagen<\/td><td class=\"column-6\">&#8211; : &#8211;<\/td>\n<\/tr>\n<tr class=\"row-7\">\n\t<td class=\"column-1\">So, 17.11.24<\/td><td class=\"column-2\">15:00 Uhr<\/td><td class=\"column-3\">HSG Wetter\/Grundsch\u00f6ttel <\/td><td class=\"column-4\">TuS Volmetal II<div id='gallery-6' class='gallery galleryid-23043 gallery-columns-3 gallery-size-thumbnail'><figure class='gallery-item'>\n\t\t\t<div class='gallery-icon landscape'>\n\t\t\t\t<a href='https:\/\/www.volmetal-handball.de\/?attachment_id=24503'><img decoding=\"async\" width=\"92\" height=\"92\" src=\"https:\/\/www.volmetal-handball.de\/wp-content\/uploads\/2024\/08\/logo.png\" class=\"attachment-thumbnail size-thumbnail\" alt=\"\" \/><\/a>\n\t\t\t<\/div><\/figure>\n\t\t<\/div>\n<\/td><td class=\"column-5\">HSG Wetter\/Grundsch\u00f6ttel, H.-v.-Fallersleben-Stra\u00dfe 28, 58300 Wetter<\/td><td class=\"column-6\">&#8211; : &#8211;<\/td>\n<\/tr>\n<tr class=\"row-8\">\n\t<td class=\"column-1\">Sa, 07.12.24<\/td><td class=\"column-2\">1730 Uhr<\/td><td class=\"column-3\">TuS Volmetal II<div id='gallery-7' class='gallery galleryid-23043 gallery-columns-3 gallery-size-thumbnail'><figure class='gallery-item'>\n\t\t\t<div class='gallery-icon landscape'>\n\t\t\t\t<a href='https:\/\/www.volmetal-handball.de\/?attachment_id=24503'><img decoding=\"async\" width=\"92\" height=\"92\" src=\"https:\/\/www.volmetal-handball.de\/wp-content\/uploads\/2024\/08\/logo.png\" class=\"attachment-thumbnail size-thumbnail\" alt=\"\" \/><\/a>\n\t\t\t<\/div><\/figure>\n\t\t<\/div>\n<\/td><td class=\"column-4\">TV Arnsberg<br \/>\n<\/td><td class=\"column-5\">SpH Volmetal, Am Volmewehr, 58091 Hagen<\/td><td class=\"column-6\">&#8211; : &#8211;<\/td>\n<\/tr>\n<tr class=\"row-9\">\n\t<td class=\"column-1\">So, 15.12.24<\/td><td class=\"column-2\">13:30 Uhr<\/td><td class=\"column-3\">ATV Dorstfeld<br \/>\n<\/td><td class=\"column-4\">TuS Volmetal II<div id='gallery-8' class='gallery galleryid-23043 gallery-columns-3 gallery-size-thumbnail'><figure class='gallery-item'>\n\t\t\t<div class='gallery-icon landscape'>\n\t\t\t\t<a href='https:\/\/www.volmetal-handball.de\/?attachment_id=24503'><img decoding=\"async\" width=\"92\" height=\"92\" src=\"https:\/\/www.volmetal-handball.de\/wp-content\/uploads\/2024\/08\/logo.png\" class=\"attachment-thumbnail size-thumbnail\" alt=\"\" \/><\/a>\n\t\t\t<\/div><\/figure>\n\t\t<\/div>\n<\/td><td class=\"column-5\">Sph. Dorstfeld, Fine Frau 56 &#8211; 58, 44149 Dortmund<\/td><td class=\"column-6\">&#8211; : &#8211;<\/td>\n<\/tr>\n<tr class=\"row-10\">\n\t<td class=\"column-1\">Sa, 21.12.24<\/td><td class=\"column-2\">17:30 Uhr<\/td><td class=\"column-3\">TuS Volmetal II<div id='gallery-9' class='gallery galleryid-23043 gallery-columns-3 gallery-size-thumbnail'><figure class='gallery-item'>\n\t\t\t<div class='gallery-icon landscape'>\n\t\t\t\t<a href='https:\/\/www.volmetal-handball.de\/?attachment_id=24503'><img decoding=\"async\" width=\"92\" height=\"92\" src=\"https:\/\/www.volmetal-handball.de\/wp-content\/uploads\/2024\/08\/logo.png\" class=\"attachment-thumbnail size-thumbnail\" alt=\"\" \/><\/a>\n\t\t\t<\/div><\/figure>\n\t\t<\/div>\n<\/td><td class=\"column-4\">SG Iserl-S\u00fcmmern<\/td><td class=\"column-5\">SpH Volmetal, Am Volmewehr, 58091 Hagen<\/td><td class=\"column-6\">&#8211; : &#8211;<\/td>\n<\/tr>\n<tr class=\"row-11\">\n\t<td class=\"column-1\">Sa, 11.01.25<\/td><td class=\"column-2\">17:30 Uhr<\/td><td class=\"column-3\">TuS Volmetal II<div id='gallery-10' class='gallery galleryid-23043 gallery-columns-3 gallery-size-thumbnail'><figure class='gallery-item'>\n\t\t\t<div class='gallery-icon landscape'>\n\t\t\t\t<a href='https:\/\/www.volmetal-handball.de\/?attachment_id=24503'><img decoding=\"async\" width=\"92\" height=\"92\" src=\"https:\/\/www.volmetal-handball.de\/wp-content\/uploads\/2024\/08\/logo.png\" class=\"attachment-thumbnail size-thumbnail\" alt=\"\" \/><\/a>\n\t\t\t<\/div><\/figure>\n\t\t<\/div>\n<\/td><td class=\"column-4\">VfL Gladbeck<\/td><td class=\"column-5\">SpH Volmetal, Am Volmewehr, 58091 Hagen<\/td><td class=\"column-6\">&#8211; : &#8211;<\/td>\n<\/tr>\n<tr class=\"row-12\">\n\t<td class=\"column-1\">So, 19.01.25<\/td><td class=\"column-2\">15:40 Uhr<\/td><td class=\"column-3\">SVT BO-Riemke 2<br \/>\n<\/td><td class=\"column-4\">TuS Volmetal II<div id='gallery-11' class='gallery galleryid-23043 gallery-columns-3 gallery-size-thumbnail'><figure class='gallery-item'>\n\t\t\t<div class='gallery-icon landscape'>\n\t\t\t\t<a href='https:\/\/www.volmetal-handball.de\/?attachment_id=24503'><img decoding=\"async\" width=\"92\" height=\"92\" src=\"https:\/\/www.volmetal-handball.de\/wp-content\/uploads\/2024\/08\/logo.png\" class=\"attachment-thumbnail size-thumbnail\" alt=\"\" \/><\/a>\n\t\t\t<\/div><\/figure>\n\t\t<\/div>\n<\/td><td class=\"column-5\">Heinrich-B\u00f6ll-Sporthalle, Wielandstra\u00dfe\/ Gretchenstra\u00dfe,44791 Bochum <\/td><td class=\"column-6\">&#8211; : &#8211;<\/td>\n<\/tr>\n<tr class=\"row-13\">\n\t<td class=\"column-1\">So, 26.01.25<\/td><td class=\"column-2\">15:00 Uhr<\/td><td class=\"column-3\">ASC Dortmund 2<\/td><td class=\"column-4\">TuS Volmetal II<div id='gallery-12' class='gallery galleryid-23043 gallery-columns-3 gallery-size-thumbnail'><figure class='gallery-item'>\n\t\t\t<div class='gallery-icon landscape'>\n\t\t\t\t<a href='https:\/\/www.volmetal-handball.de\/?attachment_id=24503'><img decoding=\"async\" width=\"92\" height=\"92\" src=\"https:\/\/www.volmetal-handball.de\/wp-content\/uploads\/2024\/08\/logo.png\" class=\"attachment-thumbnail size-thumbnail\" alt=\"\" \/><\/a>\n\t\t\t<\/div><\/figure>\n\t\t<\/div>\n<\/td><td class=\"column-5\">Sph. Aplerbeck I, Schweizer Allee 25, 44287 Dortmund<\/td><td class=\"column-6\">&#8211; : &#8211;<\/td>\n<\/tr>\n<tr class=\"row-14\">\n\t<td class=\"column-1\">Sa,08.02.25<\/td><td class=\"column-2\">17:30 Uhr<\/td><td class=\"column-3\">TuS Volmetal II<div id='gallery-13' class='gallery galleryid-23043 gallery-columns-3 gallery-size-thumbnail'><figure class='gallery-item'>\n\t\t\t<div class='gallery-icon landscape'>\n\t\t\t\t<a href='https:\/\/www.volmetal-handball.de\/?attachment_id=24503'><img decoding=\"async\" width=\"92\" height=\"92\" src=\"https:\/\/www.volmetal-handball.de\/wp-content\/uploads\/2024\/08\/logo.png\" class=\"attachment-thumbnail size-thumbnail\" alt=\"\" \/><\/a>\n\t\t\t<\/div><\/figure>\n\t\t<\/div>\n<\/td><td class=\"column-4\">TuS Ferndorf<\/td><td class=\"column-5\">SpH Volmetal, Am Volmewehr, 58091 Hagen<\/td><td class=\"column-6\">&#8211; : &#8211;<\/td>\n<\/tr>\n<tr class=\"row-15\">\n\t<td class=\"column-1\">Sa,15.02.25<\/td><td class=\"column-2\">18:00 Uhr<\/td><td class=\"column-3\">TV Wattenscheid<\/td><td class=\"column-4\">TuS Volmetal II<div id='gallery-14' class='gallery galleryid-23043 gallery-columns-3 gallery-size-thumbnail'><figure class='gallery-item'>\n\t\t\t<div class='gallery-icon landscape'>\n\t\t\t\t<a href='https:\/\/www.volmetal-handball.de\/?attachment_id=24503'><img decoding=\"async\" width=\"92\" height=\"92\" src=\"https:\/\/www.volmetal-handball.de\/wp-content\/uploads\/2024\/08\/logo.png\" class=\"attachment-thumbnail size-thumbnail\" alt=\"\" \/><\/a>\n\t\t\t<\/div><\/figure>\n\t\t<\/div>\n<\/td><td class=\"column-5\">Sph. Berliner Stra\u00dfe, Berliner Str. 41, 44866 Bochum<\/td><td class=\"column-6\">&#8211; : &#8211;<\/td>\n<\/tr>\n<tr class=\"row-16\">\n\t<td class=\"column-1\">Sa, 01.03.25<\/td><td class=\"column-2\">17:30 Uhr<\/td><td class=\"column-3\">TuS Volmetal II<div id='gallery-15' class='gallery galleryid-23043 gallery-columns-3 gallery-size-thumbnail'><figure class='gallery-item'>\n\t\t\t<div class='gallery-icon landscape'>\n\t\t\t\t<a href='https:\/\/www.volmetal-handball.de\/?attachment_id=24503'><img decoding=\"async\" width=\"92\" height=\"92\" src=\"https:\/\/www.volmetal-handball.de\/wp-content\/uploads\/2024\/08\/logo.png\" class=\"attachment-thumbnail size-thumbnail\" alt=\"\" \/><\/a>\n\t\t\t<\/div><\/figure>\n\t\t<\/div>\n<\/td><td class=\"column-4\">HSG Hohenlimburg<\/td><td class=\"column-5\">SpH Volmetal, Am Volmewehr, 58091 Hagen<\/td><td class=\"column-6\">&#8211; : &#8211;<\/td>\n<\/tr>\n<tr class=\"row-17\">\n\t<td class=\"column-1\">Sa, 08.03.25<\/td><td class=\"column-2\">17:30 Uhr<\/td><td class=\"column-3\">TuS Drolshagen<\/td><td class=\"column-4\">TuS Volmetal II<div id='gallery-16' class='gallery galleryid-23043 gallery-columns-3 gallery-size-thumbnail'><figure class='gallery-item'>\n\t\t\t<div class='gallery-icon landscape'>\n\t\t\t\t<a href='https:\/\/www.volmetal-handball.de\/?attachment_id=24503'><img decoding=\"async\" width=\"92\" height=\"92\" src=\"https:\/\/www.volmetal-handball.de\/wp-content\/uploads\/2024\/08\/logo.png\" class=\"attachment-thumbnail size-thumbnail\" alt=\"\" \/><\/a>\n\t\t\t<\/div><\/figure>\n\t\t<\/div>\n<\/td><td class=\"column-5\">Sporthalle W\u00fcnne, In der W\u00fcnne 1, 57489 Drolshagen<\/td><td class=\"column-6\">&#8211; : &#8211;<\/td>\n<\/tr>\n<tr class=\"row-18\">\n\t<td class=\"column-1\">Sa, 15.03.25<\/td><td class=\"column-2\">18:00 Uhr<\/td><td class=\"column-3\">TuS Volmetal II<div id='gallery-17' class='gallery galleryid-23043 gallery-columns-3 gallery-size-thumbnail'><figure class='gallery-item'>\n\t\t\t<div class='gallery-icon landscape'>\n\t\t\t\t<a href='https:\/\/www.volmetal-handball.de\/?attachment_id=24503'><img decoding=\"async\" width=\"92\" height=\"92\" src=\"https:\/\/www.volmetal-handball.de\/wp-content\/uploads\/2024\/08\/logo.png\" class=\"attachment-thumbnail size-thumbnail\" alt=\"\" \/><\/a>\n\t\t\t<\/div><\/figure>\n\t\t<\/div>\n<\/td><td class=\"column-4\">HSG Wett\/Grund<\/td><td class=\"column-5\">SpH Volmetal, Am Volmewehr, 58091 Hagen<\/td><td class=\"column-6\">&#8211; : &#8211;<\/td>\n<\/tr>\n<tr class=\"row-19\">\n\t<td class=\"column-1\">So, 23.03.25<\/td><td class=\"column-2\">16:00 Uhr<\/td><td class=\"column-3\">TV Arnsberg<\/td><td class=\"column-4\">TuS Volmetal II<div id='gallery-18' class='gallery galleryid-23043 gallery-columns-3 gallery-size-thumbnail'><figure class='gallery-item'>\n\t\t\t<div class='gallery-icon landscape'>\n\t\t\t\t<a href='https:\/\/www.volmetal-handball.de\/?attachment_id=24503'><img decoding=\"async\" width=\"92\" height=\"92\" src=\"https:\/\/www.volmetal-handball.de\/wp-content\/uploads\/2024\/08\/logo.png\" class=\"attachment-thumbnail size-thumbnail\" alt=\"\" \/><\/a>\n\t\t\t<\/div><\/figure>\n\t\t<\/div>\n<\/td><td class=\"column-5\">Rundturnhalle, Promenade 12 (Anfahrt \u00fcber Feauxweg), 59821 Arnsberg<\/td><td class=\"column-6\">&#8211; : &#8211;<\/td>\n<\/tr>\n<tr class=\"row-20\">\n\t<td class=\"column-1\">Sa, 29.03.25<\/td><td class=\"column-2\">18:00 Uhr<\/td><td class=\"column-3\">TuS Volmetal II<div id='gallery-19' class='gallery galleryid-23043 gallery-columns-3 gallery-size-thumbnail'><figure class='gallery-item'>\n\t\t\t<div class='gallery-icon landscape'>\n\t\t\t\t<a href='https:\/\/www.volmetal-handball.de\/?attachment_id=24503'><img decoding=\"async\" width=\"92\" height=\"92\" src=\"https:\/\/www.volmetal-handball.de\/wp-content\/uploads\/2024\/08\/logo.png\" class=\"attachment-thumbnail size-thumbnail\" alt=\"\" \/><\/a>\n\t\t\t<\/div><\/figure>\n\t\t<\/div>\n<\/td><td class=\"column-4\">ATV Dorstfeld<\/td><td class=\"column-5\">SpH Volmetal, Am Volmewehr, 58091 Hagen<\/td><td class=\"column-6\">&#8211; : &#8211;<\/td>\n<\/tr>\n<tr class=\"row-21\">\n\t<td class=\"column-1\">So, 27.04.25<\/td><td class=\"column-2\">16:00 Uhr<\/td><td class=\"column-3\">SG Iserl-S\u00fcmmern<\/td><td class=\"column-4\">TuS Volmetal II<div id='gallery-20' class='gallery galleryid-23043 gallery-columns-3 gallery-size-thumbnail'><figure class='gallery-item'>\n\t\t\t<div class='gallery-icon landscape'>\n\t\t\t\t<a href='https:\/\/www.volmetal-handball.de\/?attachment_id=24503'><img decoding=\"async\" width=\"92\" height=\"92\" src=\"https:\/\/www.volmetal-handball.de\/wp-content\/uploads\/2024\/08\/logo.png\" class=\"attachment-thumbnail size-thumbnail\" alt=\"\" \/><\/a>\n\t\t\t<\/div><\/figure>\n\t\t<\/div>\n<\/td><td class=\"column-5\">SpH Gesamtsch. Nu\u00dfberg, Ortlohnstra\u00dfe, 58636 Iserlohn <\/td><td class=\"column-6\">&#8211; : &#8211;<\/td>\n<\/tr>\n<tr class=\"row-22\">\n\t<td class=\"column-1\">Sa, 03.05.25<\/td><td class=\"column-2\">19:30 Uhr<\/td><td class=\"column-3\">VfL Gladbeck<br \/>\n<\/td><td class=\"column-4\">TuS Volmetal II<div id='gallery-21' class='gallery galleryid-23043 gallery-columns-3 gallery-size-thumbnail'><figure class='gallery-item'>\n\t\t\t<div class='gallery-icon landscape'>\n\t\t\t\t<a href='https:\/\/www.volmetal-handball.de\/?attachment_id=24503'><img decoding=\"async\" width=\"92\" height=\"92\" src=\"https:\/\/www.volmetal-handball.de\/wp-content\/uploads\/2024\/08\/logo.png\" class=\"attachment-thumbnail size-thumbnail\" alt=\"\" \/><\/a>\n\t\t\t<\/div><\/figure>\n\t\t<\/div>\n<\/td><td class=\"column-5\">Riesener Sporthalle, Sch\u00fctzenstra\u00dfe 23, 45964 Gladbeck<\/td><td class=\"column-6\">&#8211; : &#8211;<\/td>\n<\/tr>\n<tr class=\"row-23\">\n\t<td class=\"column-1\">Sa, 10.05.25<\/td><td class=\"column-2\">18:00 Uhr<\/td><td class=\"column-3\">TuS Volmetal II<div id='gallery-22' class='gallery galleryid-23043 gallery-columns-3 gallery-size-thumbnail'><figure class='gallery-item'>\n\t\t\t<div class='gallery-icon landscape'>\n\t\t\t\t<a href='https:\/\/www.volmetal-handball.de\/?attachment_id=24503'><img decoding=\"async\" width=\"92\" height=\"92\" src=\"https:\/\/www.volmetal-handball.de\/wp-content\/uploads\/2024\/08\/logo.png\" class=\"attachment-thumbnail size-thumbnail\" alt=\"\" \/><\/a>\n\t\t\t<\/div><\/figure>\n\t\t<\/div>\n<\/td><td class=\"column-4\">SVT BO-Riemke 2<\/td><td class=\"column-5\">SpH Volmetal, Am Volmewehr, 58091 Hagen<\/td><td class=\"column-6\">&#8211; : &#8211;<\/td>\n<\/tr>\n<\/tbody>\n<\/table>\n<!-- #tablepress-8 from cache --><\/strong><\/p>\t\t\t\t\t\t\t\t<\/div>\n\t\t\t\t<\/div>\n\t\t\t\t\t<\/div>\n\t\t<\/div>\n\t\t\t\t\t<\/div>\n\t\t<\/section>\n\t\t\t\t<\/div>\n\t\t","protected":false},"excerpt":{"rendered":"<p>Vielen Dank an unsere Team-Sponsoren die Geb\u00e4udereinigung Marino, die EWG Hagen Wohnungsgenossenschaft und Axel Escher f\u00fcr die Unterst\u00fctzung der Damenmannschaft. Ansprechpartner f\u00fcr die Damenmannschaft:Olaf Dolleske (Damenwart): +492331881139E-Mail: damen@volmetal-handball.de .<\/p>\n","protected":false},"author":20,"featured_media":0,"parent":0,"menu_order":0,"comment_status":"closed","ping_status":"closed","template":"","meta":{"ngg_post_thumbnail":0,"footnotes":""},"class_list":["post-23043","page","type-page","status-publish","hentry"],"jetpack_sharing_enabled":true,"_links":{"self":[{"href":"https:\/\/www.volmetal-handball.de\/index.php?rest_route=\/wp\/v2\/pages\/23043","targetHints":{"allow":["GET"]}}],"collection":[{"href":"https:\/\/www.volmetal-handball.de\/index.php?rest_route=\/wp\/v2\/pages"}],"about":[{"href":"https:\/\/www.volmetal-handball.de\/index.php?rest_route=\/wp\/v2\/types\/page"}],"author":[{"embeddable":true,"href":"https:\/\/www.volmetal-handball.de\/index.php?rest_route=\/wp\/v2\/users\/20"}],"replies":[{"embeddable":true,"href":"https:\/\/www.volmetal-handball.de\/index.php?rest_route=%2Fwp%2Fv2%2Fcomments&post=23043"}],"version-history":[{"count":10,"href":"https:\/\/www.volmetal-handball.de\/index.php?rest_route=\/wp\/v2\/pages\/23043\/revisions"}],"predecessor-version":[{"id":24696,"href":"https:\/\/www.volmetal-handball.de\/index.php?rest_route=\/wp\/v2\/pages\/23043\/revisions\/24696"}],"wp:attachment":[{"href":"https:\/\/www.volmetal-handball.de\/index.php?rest_route=%2Fwp%2Fv2%2Fmedia&parent=23043"}],"curies":[{"name":"wp","href":"https:\/\/api.w.org\/{rel}","templated":true}]}}